{"id":21999,"date":"2017-07-20T11:53:08","date_gmt":"2017-07-20T10:53:08","guid":{"rendered":"https:\/\/test.impulsate.org\/donate-partner\/"},"modified":"2025-01-23T03:46:55","modified_gmt":"2025-01-23T02:46:55","slug":"donate-partner","status":"publish","type":"page","link":"https:\/\/test.impulsate.org\/en\/donate-partner\/","title":{"rendered":"Donate &#8211; Partner"},"content":{"rendered":"<p>[vc_row row_type=&#8221;row&#8221; use_row_as_full_screen_section=&#8221;no&#8221; type=&#8221;full_width&#8221; text_align=&#8221;left&#8221; background_color=&#8221;#f5f5f5&#8243; css_animation=&#8221;&#8221;][vc_column][vc_row_inner row_type=&#8221;row&#8221; type=&#8221;grid&#8221; use_row_as_full_screen_section_slide=&#8221;no&#8221; text_align=&#8221;left&#8221; padding_top=&#8221;80&#8243; css_animation=&#8221;&#8221;][vc_column_inner width=&#8221;1\/2&#8243;][vc_column_text][contact-form-7 id=&#8221;21993&#8243; title=&#8221;Form colabora soci CA&#8221;][\/vc_column_text][\/vc_column_inner][vc_column_inner width=&#8221;1\/2&#8243;][vc_column_text css=&#8221;.vc_custom_1500548317483{margin-top: 16px !important;}&#8221;]Per a donar-te d&#8217;alta com a soci\/a de l&#8217;associaci\u00f3 <strong>ImpulsaT<\/strong> has d&#8217;omplir el formulari amb les dades que et demanem i la quota amb la qu\u00e8 vols col\u00b7laborar.<\/p>\n<p>&nbsp;<\/p>\n<p>Quan rebem el teu formulari, comprovarem que tot \u00e9s correcte i ens posarem en contacte amb tu per comunicar-te la teva admissi\u00f3 com a soci d\u2019<strong>ImpulsaT<\/strong>. Per aquest motiu \u00e9s necessari que ens puguis facilitar un m\u00f2bil o b\u00e9 un correu electr\u00f2nic, tal i com et demanem en el formulari d\u2019alta.<\/p>\n<p>&nbsp;<\/p>\n<p>Quan hi hagi alguna novetat te la farem saber enviant-te un correu electr\u00f2nic a l\u2019adre\u00e7a que ens facilitis en el formulari d\u2019alta. Tamb\u00e9 et farem arribar les dates de les assemblees i qualsevol altra informaci\u00f3 que et pugui ser \u00fatil.<\/p>\n<p>&nbsp;<\/p>\n<p>Si el soci\/a \u00e9s menor de 14 anys, haur\u00e0 de complimentar el seg\u00fcent formulari amb les dades dels seus pares o representants legals.<\/p>\n<p>&nbsp;<\/p>\n<p>Moltes gr\u00e0cies!<\/p>\n<p>&nbsp;<\/p>\n<p><a href=\"https:\/\/test.impulsate.org\/colabora\/\">&lt; Tornar a la p\u00e0gina anterior<\/a>[\/vc_column_text][\/vc_column_inner][\/vc_row_inner][vc_empty_space][\/vc_column][\/vc_row]<\/p>\n","protected":false},"excerpt":{"rendered":"<p>[vc_row row_type=&#8221;row&#8221; use_row_as_full_screen_section=&#8221;no&#8221; type=&#8221;full_width&#8221; text_align=&#8221;left&#8221; background_color=&#8221;#f5f5f5&#8243; css_animation=&#8221;&#8221;][vc_column][vc_row_inner row_type=&#8221;row&#8221; type=&#8221;grid&#8221; use_row_as_full_screen_section_slide=&#8221;no&#8221; text_align=&#8221;left&#8221; padding_top=&#8221;80&#8243; css_animation=&#8221;&#8221;][vc_column_inner width=&#8221;1\/2&#8243;][vc_column_text][contact-form-7 id=&#8221;21993&#8243; title=&#8221;Form colabora soci CA&#8221;][\/vc_column_text][\/vc_column_inner][vc_column_inner width=&#8221;1\/2&#8243;][vc_column_text css=&#8221;.vc_custom_1500548317483{margin-top: 16px !important;}&#8221;]Per a donar-te d&#8217;alta com a soci\/a de l&#8217;associaci\u00f3 ImpulsaT has d&#8217;omplir el formulari amb les dades que et demanem i la quota amb la qu\u00e8 vols col\u00b7laborar. &nbsp; Quan rebem el teu [&hellip;]<\/p>\n","protected":false},"author":1,"featured_media":0,"parent":0,"menu_order":0,"comment_status":"open","ping_status":"open","template":"","meta":{"_acf_changed":false,"give_campaign_id":0,"footnotes":""},"class_list":["post-21999","page","type-page","status-publish","hentry"],"acf":[],"campaignId":"","_links":{"self":[{"href":"https:\/\/test.impulsate.org\/en\/wp-json\/wp\/v2\/pages\/21999","targetHints":{"allow":["GET"]}}],"collection":[{"href":"https:\/\/test.impulsate.org\/en\/wp-json\/wp\/v2\/pages"}],"about":[{"href":"https:\/\/test.impulsate.org\/en\/wp-json\/wp\/v2\/types\/page"}],"author":[{"embeddable":true,"href":"https:\/\/test.impulsate.org\/en\/wp-json\/wp\/v2\/users\/1"}],"replies":[{"embeddable":true,"href":"https:\/\/test.impulsate.org\/en\/wp-json\/wp\/v2\/comments?post=21999"}],"version-history":[{"count":3,"href":"https:\/\/test.impulsate.org\/en\/wp-json\/wp\/v2\/pages\/21999\/revisions"}],"predecessor-version":[{"id":29937,"href":"https:\/\/test.impulsate.org\/en\/wp-json\/wp\/v2\/pages\/21999\/revisions\/29937"}],"wp:attachment":[{"href":"https:\/\/test.impulsate.org\/en\/wp-json\/wp\/v2\/media?parent=21999"}],"curies":[{"name":"wp","href":"https:\/\/api.w.org\/{rel}","templated":true}]}}