{"id":24370,"date":"2018-01-18T17:06:06","date_gmt":"2018-01-18T16:06:06","guid":{"rendered":"https:\/\/test.impulsate.org\/donation-failed\/"},"modified":"2020-11-14T08:09:45","modified_gmt":"2020-11-14T07:09:45","slug":"donation-failed","status":"publish","type":"page","link":"https:\/\/test.impulsate.org\/es\/donation-failed\/","title":{"rendered":"La donaci\u00f3n ha fallado"},"content":{"rendered":"<p>Lo sentimos, su donaci\u00f3n no se pudo procesar. Vuelva a intentarlo o p\u00f3ngase en contacto con el servicio de asistencia t\u00e9cnica del sitio.<\/p>\n","protected":false},"excerpt":{"rendered":"<p>Lo sentimos, su donaci\u00f3n no se pudo procesar. Vuelva a intentarlo o p\u00f3ngase en contacto con el servicio de asistencia t\u00e9cnica del sitio.<\/p>\n","protected":false},"author":1,"featured_media":0,"parent":0,"menu_order":0,"comment_status":"closed","ping_status":"closed","template":"","meta":{"_acf_changed":false,"give_campaign_id":0,"footnotes":""},"class_list":["post-24370","page","type-page","status-publish","hentry"],"acf":[],"campaignId":"","_links":{"self":[{"href":"https:\/\/test.impulsate.org\/es\/wp-json\/wp\/v2\/pages\/24370","targetHints":{"allow":["GET"]}}],"collection":[{"href":"https:\/\/test.impulsate.org\/es\/wp-json\/wp\/v2\/pages"}],"about":[{"href":"https:\/\/test.impulsate.org\/es\/wp-json\/wp\/v2\/types\/page"}],"author":[{"embeddable":true,"href":"https:\/\/test.impulsate.org\/es\/wp-json\/wp\/v2\/users\/1"}],"replies":[{"embeddable":true,"href":"https:\/\/test.impulsate.org\/es\/wp-json\/wp\/v2\/comments?post=24370"}],"version-history":[{"count":1,"href":"https:\/\/test.impulsate.org\/es\/wp-json\/wp\/v2\/pages\/24370\/revisions"}],"predecessor-version":[{"id":24372,"href":"https:\/\/test.impulsate.org\/es\/wp-json\/wp\/v2\/pages\/24370\/revisions\/24372"}],"wp:attachment":[{"href":"https:\/\/test.impulsate.org\/es\/wp-json\/wp\/v2\/media?parent=24370"}],"curies":[{"name":"wp","href":"https:\/\/api.w.org\/{rel}","templated":true}]}}