{"id":534,"date":"2024-02-07T13:50:46","date_gmt":"2024-02-07T17:50:46","guid":{"rendered":"http:\/\/proves2.kiwop.es\/actualitat\/"},"modified":"2025-09-16T08:56:16","modified_gmt":"2025-09-16T07:56:16","slug":"actualitat","status":"publish","type":"page","link":"https:\/\/test.impulsate.org\/es\/actualitat\/","title":{"rendered":"Actualidad"},"content":{"rendered":"<h2><strong>Estrenamos campa\u00f1a de captaci\u00f3n de socios: A 5 personas del D\u00e9ficit de Merosina, una enfermedad minoritaria que tenemos muy cerca\u00a0<\/strong><\/h2>\n<p><img loading=\"lazy\" decoding=\"async\" class=\"alignnone size-full wp-image-31101\" src=\"https:\/\/test.impulsate.org\/wp-content\/uploads\/2025\/09\/6.-BanerWeb_1311x340px-1.png\" alt=\"\" width=\"1311\" height=\"340\" \/><\/p>\n<p><span data-contrast=\"auto\">Desde la Asociaci\u00f3n ImpulsaT lanzamos una campa\u00f1a para<\/span><b><span data-contrast=\"auto\"> recaudar fondos<\/span><\/b><span data-contrast=\"auto\"> destinados a la <\/span><b><span data-contrast=\"auto\">investigaci\u00f3n<\/span><\/b><span data-contrast=\"auto\"> de la Distrofia Muscular Cong\u00e9nita por D\u00e9ficit de Merosina y para <\/span><b><span data-contrast=\"auto\">dar apoyo<\/span><\/b><span data-contrast=\"auto\"> a los menores y familias afectadas.<\/span><span data-ccp-props=\"{&quot;134233117&quot;:false,&quot;134233118&quot;:false,&quot;335559738&quot;:240,&quot;335559739&quot;:240}\">\u00a0<\/span><\/p>\n<p><span data-contrast=\"auto\">La campa\u00f1a quiere mostrar que estamos a menos de 5 v\u00ednculos de cualquier persona del mundo, por lo que convivimos muy cerca de las <\/span><b><span data-contrast=\"auto\">30 personas que tienen D\u00e9ficit de Merosina<\/span><\/b><span data-contrast=\"auto\"> en el Estado espa\u00f1ol, y estas necesitan un <\/span><b><span data-contrast=\"auto\">entorno amplio y comprometido<\/span><\/b><span data-contrast=\"auto\"> para hacer frente a una enfermedad grave que no tiene cura ni tratamiento efectivo.<\/span><span data-ccp-props=\"{&quot;134233117&quot;:false,&quot;134233118&quot;:false,&quot;335559738&quot;:240,&quot;335559739&quot;:240}\">\u00a0<\/span><\/p>\n<p><span data-ccp-props=\"{}\">\u00a0<\/span><\/p>\n<p aria-level=\"3\"><strong>Por qu\u00e9 queremos que te hagas socio de ImpulsaT\u00a0<\/strong><\/p>\n<p><span data-contrast=\"auto\">Porque tu apoyo econ\u00f3mico continuado nos permite seguir financiando:<\/span><span data-ccp-props=\"{&quot;134233117&quot;:false,&quot;134233118&quot;:false,&quot;335559738&quot;:240,&quot;335559739&quot;:240}\">\u00a0<\/span><\/p>\n<ul>\n<li aria-setsize=\"-1\" data-leveltext=\"\uf0b7\" data-font=\"Symbol\" data-listid=\"3\" data-list-defn-props=\"{&quot;335552541&quot;:1,&quot;335559685&quot;:720,&quot;335559991&quot;:360,&quot;469769226&quot;:&quot;Symbol&quot;,&quot;469769242&quot;:[8226],&quot;469777803&quot;:&quot;left&quot;,&quot;469777804&quot;:&quot;\uf0b7&quot;,&quot;469777815&quot;:&quot;hybridMultilevel&quot;}\" data-aria-posinset=\"1\" data-aria-level=\"1\"><b><span data-contrast=\"auto\">La investigaci\u00f3n<\/span><\/b><span data-contrast=\"auto\">: apoyando l\u00edneas y equipos de investigaci\u00f3n centrados en encontrar tratamientos efectivos para las personas afectadas.<\/span><span data-ccp-props=\"{&quot;134233117&quot;:false,&quot;134233118&quot;:false,&quot;335559738&quot;:240,&quot;335559739&quot;:240}\">\u00a0<\/span><\/li>\n<\/ul>\n<ul>\n<li aria-setsize=\"-1\" data-leveltext=\"\uf0b7\" data-font=\"Symbol\" data-listid=\"3\" data-list-defn-props=\"{&quot;335552541&quot;:1,&quot;335559685&quot;:720,&quot;335559991&quot;:360,&quot;469769226&quot;:&quot;Symbol&quot;,&quot;469769242&quot;:[8226],&quot;469777803&quot;:&quot;left&quot;,&quot;469777804&quot;:&quot;\uf0b7&quot;,&quot;469777815&quot;:&quot;hybridMultilevel&quot;}\" data-aria-posinset=\"2\" data-aria-level=\"1\"><b><span data-contrast=\"auto\">El Registro Oficial de Afectados<\/span><\/b><span data-contrast=\"auto\">: este recurso nos permite acompa\u00f1ar a las familias afectadas en el Estado espa\u00f1ol a trav\u00e9s de una red de apoyo, herramientas espec\u00edficas y facilitando el acceso a ensayos cl\u00ednicos.<\/span><span data-ccp-props=\"{&quot;134233117&quot;:false,&quot;134233118&quot;:false,&quot;335559738&quot;:240,&quot;335559739&quot;:240}\">\u00a0<\/span><\/li>\n<\/ul>\n<p style=\"text-align: center;\"><a href=\"https:\/\/test.impulsate.org\/es\/colabora\/\"><b><span data-contrast=\"auto\">HAZTE SOCIO<\/span><\/b><span data-ccp-props=\"{&quot;134233117&quot;:false,&quot;134233118&quot;:false,&quot;335559738&quot;:240,&quot;335559739&quot;:240}\">\u00a0<\/span><\/a><\/p>\n<p><b><span data-contrast=\"auto\">\u00bfYa eres socio? \u00a1Ay\u00fadanos a llegar m\u00e1s lejos!<\/span><\/b><span data-contrast=\"auto\"> \u00bfTe animas a buscar nuevas personas que se impliquen con ImpulsaT? Une esos 5 v\u00ednculos que nos conectan con las 3o personas con D\u00e9ficit de Merosina en el Estado espa\u00f1ol.<\/span><span data-ccp-props=\"{&quot;134233117&quot;:false,&quot;134233118&quot;:false,&quot;335559738&quot;:240,&quot;335559739&quot;:240}\">\u00a0<\/span><\/p>\n<p><span data-ccp-props=\"{}\">\u00a0<\/span><\/p>\n<p aria-level=\"3\"><strong>Somos una entidad declarada de Utilidad P\u00fablica\u00a0<\/strong><\/p>\n<p><span data-contrast=\"auto\">Uno de los motivos que nos ha llevado a lanzar esta campa\u00f1a de captaci\u00f3n de socios es que desde hace unos meses somos una entidad de Utilidad P\u00fablica, distinci\u00f3n que facilita la desgravaci\u00f3n de los donativos. Se puede desgravar hasta el 80 % de cualquier donativo que no supere los 250 \u20ac, y a partir de esta cantidad la desgravaci\u00f3n es del 40 %. \u00a1As\u00ed que este es el momento m\u00e1s id\u00f3neo para <\/span><b><span data-contrast=\"auto\">hacerse socio<\/span><\/b><span data-contrast=\"auto\"> o<\/span><b><span data-contrast=\"auto\"> aumentar tu cuota<\/span><\/b><span data-contrast=\"auto\"> actual!<\/span><span data-ccp-props=\"{&quot;134233117&quot;:false,&quot;134233118&quot;:false,&quot;335559738&quot;:240,&quot;335559739&quot;:240}\">\u00a0<\/span><\/p>\n<p style=\"text-align: center;\"><a href=\"https:\/\/test.impulsate.org\/es\/colabora\/\"><b><span data-contrast=\"auto\">HAZTE SOCIO<\/span><\/b><\/a><span data-ccp-props=\"{&quot;134233117&quot;:false,&quot;134233118&quot;:false,&quot;335559738&quot;:240,&quot;335559739&quot;:240}\">\u00a0<\/span><\/p>\n<p><i><span data-contrast=\"auto\">\u00a1Hazte socio para darnos impulso!<\/span><\/i><span data-ccp-props=\"{}\">\u00a0<\/span><\/p>\n<p><img loading=\"lazy\" decoding=\"async\" class=\"alignnone wp-image-31100\" src=\"https:\/\/test.impulsate.org\/wp-content\/uploads\/2025\/09\/1.png\" alt=\"\" width=\"535\" height=\"668\" \/><\/p>\n","protected":false},"excerpt":{"rendered":"<p>Estrenamos campa\u00f1a de captaci\u00f3n de socios: A 5 personas del D\u00e9ficit de Merosina, una enfermedad minoritaria que tenemos muy cerca\u00a0 Desde la Asociaci\u00f3n ImpulsaT lanzamos una campa\u00f1a para recaudar fondos destinados a la investigaci\u00f3n de la Distrofia Muscular Cong\u00e9nita por D\u00e9ficit de Merosina y para dar apoyo a los menores y familias afectadas.\u00a0 La campa\u00f1a [&hellip;]<\/p>\n","protected":false},"author":63,"featured_media":0,"parent":0,"menu_order":0,"comment_status":"closed","ping_status":"closed","template":"actualitat~.php","meta":{"_acf_changed":false,"give_campaign_id":0,"footnotes":""},"class_list":["post-534","page","type-page","status-publish","hentry"],"acf":[],"campaignId":"","_links":{"self":[{"href":"https:\/\/test.impulsate.org\/es\/wp-json\/wp\/v2\/pages\/534","targetHints":{"allow":["GET"]}}],"collection":[{"href":"https:\/\/test.impulsate.org\/es\/wp-json\/wp\/v2\/pages"}],"about":[{"href":"https:\/\/test.impulsate.org\/es\/wp-json\/wp\/v2\/types\/page"}],"author":[{"embeddable":true,"href":"https:\/\/test.impulsate.org\/es\/wp-json\/wp\/v2\/users\/63"}],"replies":[{"embeddable":true,"href":"https:\/\/test.impulsate.org\/es\/wp-json\/wp\/v2\/comments?post=534"}],"version-history":[{"count":4,"href":"https:\/\/test.impulsate.org\/es\/wp-json\/wp\/v2\/pages\/534\/revisions"}],"predecessor-version":[{"id":31104,"href":"https:\/\/test.impulsate.org\/es\/wp-json\/wp\/v2\/pages\/534\/revisions\/31104"}],"wp:attachment":[{"href":"https:\/\/test.impulsate.org\/es\/wp-json\/wp\/v2\/media?parent=534"}],"curies":[{"name":"wp","href":"https:\/\/api.w.org\/{rel}","templated":true}]}}